{"id":867,"date":"2013-11-13T09:52:02","date_gmt":"2013-11-13T09:52:02","guid":{"rendered":"http:\/\/tecnit.umh.es\/?page_id=867"},"modified":"2019-11-28T14:30:25","modified_gmt":"2019-11-28T14:30:25","slug":"ofertas-de-empleo","status":"publish","type":"page","link":"https:\/\/tecnit.umh.es\/en\/divulgacion-y-noticias\/ofertas-de-empleo\/","title":{"rendered":"Ofertas de Empleo Relacionadas"},"content":{"rendered":"<p>Fecha: 17 Julio 2014<br \/>\nPuesto:\u00a0<strong>Postdoctoral Research Assistant in Organic Solar Cells<\/strong><em><br \/>\n<\/em>Empresa: Department of Physics, Oxford University<br \/>\nLugar:\u00a0Clarendon Laboratory, Oxford, Reino Unido<br \/>\n<a href=\"http:\/\/tecnit.umh.es\/files\/2013\/11\/PDRA-Advert_online.pdf\" target=\"_blank\">Informaci\u00f3n adicional<\/a><\/p>\n<p>Fecha: 5 Mayo 2014<br \/>\nPuesto:\u00a0<strong>Docentes con perfil profesional en la rama Electromec\u00e1nica y Automotriz<\/strong><em><br \/>\n<\/em>Empresa: Universidad Tecnol\u00f3gica Equinoccial<br \/>\nLugar: Santo Domingo, Ecuador<br \/>\n<a href=\"http:\/\/tecniten.edu.umh.es\/wp-content\/uploads\/sites\/470\/2013\/11\/Anuncio-Universidad-Tecnol\u00f3gica-Equinoccial-2014-05-14.pdf\">Anuncio Universidad Tecnol\u00f3gica Equinoccial &#8211; 2014-05-14<\/a><\/p>\n<p>Fecha: 5 Mayo 2014<br \/>\nPuesto:\u00a0<strong>PhD at\u00a0Femtosecond Laser Nanofabrication Laboratory<\/strong><em><br \/>\n<\/em>Empresa:<em>\u00a0<\/em>Italian Institute of Technology\u00a0Politecnico di Milano<br \/>\nLugar: Milan, Italia<br \/>\n<a href=\"https:\/\/static.squarespace.com\/static\/5210e4a8e4b06d5f9d30f648\/t\/536e46cae4b096ba2b58a1ae\/1399736010940\/PhD%20flyer.pdf\" target=\"_blank\">Informaci\u00f3n adicional<\/a><\/p>\n<p>Fecha: 27 Noviembre 2013<br \/>\nPuesto:\u00a0<strong>Puesto de Doctor Investigador en \u00d3ptica y Fot\u00f3nica<\/strong><em id=\"__mceDel\"><br \/>\n<\/em>Empresa:\u00a0International Iberian Nanotechnology Laboratory (INL)<br \/>\nLugar: Braga, Portugal<br \/>\n<a href=\"http:\/\/tecnit.umh.es\/files\/2013\/11\/INL-Staff-Researcher-Job-Advert_Development-Optical-Probe-for-Plaque-Characterization_26-November-2013.pdf\">INL Staff Researcher Job Advert_Development Optical Probe for Plaque Characterization_26 November 2013<\/a><\/p>\n<p>Fecha: 13 Noviembre 2013<br \/>\nPuestos: <strong>Asistente de Direcci\u00f3n, Soporte a Ventas, Responsable Comercial Especializado en Nanotecnolog\u00eda<\/strong><br \/>\nEmpresa: Grupo Alava Ingenieros<br \/>\nLugar: Madrid<br \/>\n<a href=\"http:\/\/www.alava-ing.es\/ingenieros\/empleo\/http:\/\/\" target=\"_blank\">Informaci\u00f3n adicional<\/a><\/p>\n<p>Fecha: 12 Noviembre 2013<br \/>\nPuesto: <strong>Ingeniero (\u00d3ptico \/ Opto-electr\u00f3nico)<\/strong><br \/>\nEmpresa: Voptica S.L.<br \/>\nLugar: Murcia<br \/>\nInformaci\u00f3n adicional: <a href=\"http:\/\/tecnit.umh.es\/files\/2013\/11\/Opening-Job_EO_voptica.pdf\">Opening Job_EO_voptica<\/a><\/p>\n","protected":false},"excerpt":{"rendered":"<p>Fecha: 17 Julio 2014 Puesto:\u00a0Postdoctoral Research Assistant in Organic Solar Cells Empresa: Department of Physics, Oxford University Lugar:\u00a0Clarendon Laboratory, Oxford, Reino Unido Informaci\u00f3n adicional Fecha: 5 Mayo 2014 Puesto:\u00a0Docentes con perfil profesional en la rama Electromec\u00e1nica y Automotriz Empresa: Universidad Tecnol\u00f3gica Equinoccial Lugar: Santo Domingo, Ecuador Anuncio Universidad Tecnol\u00f3gica Equinoccial &#8211; 2014-05-14 Fecha: 5 Mayo [&hellip;]<\/p>\n","protected":false},"author":185,"featured_media":0,"parent":137,"menu_order":50,"comment_status":"closed","ping_status":"closed","template":"","meta":{"_et_pb_use_builder":"","_et_pb_old_content":"","_et_gb_content_width":"","_links_to":"","_links_to_target":""},"_links":{"self":[{"href":"https:\/\/tecnit.umh.es\/en\/wp-json\/wp\/v2\/pages\/867"}],"collection":[{"href":"https:\/\/tecnit.umh.es\/en\/wp-json\/wp\/v2\/pages"}],"about":[{"href":"https:\/\/tecnit.umh.es\/en\/wp-json\/wp\/v2\/types\/page"}],"author":[{"embeddable":true,"href":"https:\/\/tecnit.umh.es\/en\/wp-json\/wp\/v2\/users\/185"}],"replies":[{"embeddable":true,"href":"https:\/\/tecnit.umh.es\/en\/wp-json\/wp\/v2\/comments?post=867"}],"version-history":[{"count":0,"href":"https:\/\/tecnit.umh.es\/en\/wp-json\/wp\/v2\/pages\/867\/revisions"}],"up":[{"embeddable":true,"href":"https:\/\/tecnit.umh.es\/en\/wp-json\/wp\/v2\/pages\/137"}],"wp:attachment":[{"href":"https:\/\/tecnit.umh.es\/en\/wp-json\/wp\/v2\/media?parent=867"}],"curies":[{"name":"wp","href":"https:\/\/api.w.org\/{rel}","templated":true}]}}