{"id":518,"date":"2013-10-25T10:09:47","date_gmt":"2013-10-25T10:09:47","guid":{"rendered":"http:\/\/tecnit.umh.es\/?page_id=518"},"modified":"2025-10-06T07:16:54","modified_gmt":"2025-10-06T07:16:54","slug":"jornada-de-doctorandos","status":"publish","type":"page","link":"https:\/\/tecnit.umh.es\/en\/divulgacion-y-noticias\/jornada-de-doctorandos\/","title":{"rendered":"Jornada de Doctorandos"},"content":{"rendered":"<p>Las <strong>Jornadas de Doctorandos del Programa TECNIT<\/strong> consisten en reuniones cient\u00edficas, abiertas al p\u00fablico, de los investigadores del programa, as\u00ed como investigadores invitados. En ellas se pretende fomentar la interacci\u00f3n entre nuestros investigadores y doctorandos, con los colaboradores externos, as\u00ed como con futuros estudiantes.<\/p>\n<p>Todos los alumnos matriculados en el programa de doctorado TECNIT deber\u00e1n realizar una exposici\u00f3n de los trabajos realizados en el marco del programa de doctorado durante la \u00faltima anualidad en una de las dos Jornadas de Doctorandos programadas por cada curso acad\u00e9mico.<\/p>\n<p>Esta exposici\u00f3n servir\u00e1 como base para el informe anual de avance dentro del programa de doctorado que realiza la Comisi\u00f3n Acad\u00e9mica del Programa de Doctorado para cada alumno matriculado.<\/p>\n<h1>ANUALIDADES:<\/h1>\n<h1><strong>2021<\/strong><\/h1>\n<p>Durante el a\u00f1o 2021 se realizan las siguientes JORNADAS:<\/p>\n<ul>\n<li><a href=\"http:\/\/tecnit.umh.es\/files\/2021\/02\/Programa-Jornada-Doctorado-22-de-febrero-de-2021.pdf\">I JORNADA TECNIT 2021 (22 de febrero de 2021)<\/a><\/li>\n<li><a href=\"http:\/\/tecnit.umh.es\/files\/2013\/10\/Programa-Jornada-Doctorado-septiembre-2021_FINAL.pdf\" target=\"_blank\" rel=\"noopener\">II JORNADA TECNIT 2021 (22-23 septiembre de 2021)<\/a><\/li>\n<\/ul>\n<p>_______________________<\/p>\n<h1><a name=\"2018\"><\/a><strong>2020<\/strong><\/h1>\n<p>Durante el a\u00f1o 2020 se realizan las siguientes JORNADAS:<\/p>\n<ul>\n<li><a href=\"http:\/\/tecnit.umh.es\/files\/2013\/10\/Programa-Jornada-Doctorado-14febrero2020.pdf\" target=\"_blank\" rel=\"noopener\">I JORNADA TECNIT 2020 (14 de febrero de 2020)<\/a><\/li>\n<li><a href=\"http:\/\/tecnit.umh.es\/files\/2013\/10\/Programa-Jornada-Doctorado-5y6de-octubre.pdf\" target=\"_blank\" rel=\"noopener\">II JORNADA TECNIT 2020 (5-6 de octubre de 2020)<\/a><\/li>\n<\/ul>\n<p>_______________________<\/p>\n<h1><a name=\"2018\"><\/a><strong>2019<\/strong><\/h1>\n<p>Durante el a\u00f1o 2019 se realizan las siguientes JORNADAS:<\/p>\n<ul>\n<li><a href=\"http:\/\/tecnit.umh.es\/files\/2013\/10\/Programa-Jornada-Doctorado-TECNIT_1marzo2019.pdf\" target=\"_blank\" rel=\"noopener\">I JORNADA TECNIT 2019 (1 de Marzo de 2019)<\/a><\/li>\n<li><a href=\"http:\/\/tecnit.umh.es\/files\/2013\/10\/Programa-Jornada-Doctorado-14octubre_def.pdf\" target=\"_blank\" rel=\"noopener\">II JORNADA TECNIT 2019 (14 de octubre de 2019)<\/a><\/li>\n<\/ul>\n<p>_______________________<\/p>\n<h1><a name=\"2018\"><\/a><strong>2018<\/strong><\/h1>\n<p>Durante el a\u00f1o 2018 se realizan las siguientes JORNADAS:<\/p>\n<ul>\n<li><a href=\"http:\/\/tecnit.umh.es\/files\/2013\/10\/ProgramaJornada23Febrero2018.pdf\" target=\"_blank\" rel=\"noopener\">I JORNADA TECNIT 2018 (23 de Febrero de 2018)<\/a><\/li>\n<li><a href=\"http:\/\/tecnit.umh.es\/files\/2013\/10\/Programa-Jornada-Doctorado-1Oct2018-version2.pdf\" target=\"_blank\" rel=\"noopener\">II JORNADA TECNIT 2018 (1 de Octubre de 2018)<\/a><\/li>\n<\/ul>\n<p>_______________________<\/p>\n<h1><a name=\"2017\"><\/a><strong>2017<\/strong><\/h1>\n<p>Durante el a\u00f1o 2017 se han realizado dos JORNADAS:<\/p>\n<ul>\n<li><a href=\"http:\/\/tecnit.umh.es\/files\/2013\/10\/ProgramaJornada29Marzo2017.pdf\" target=\"_blank\" rel=\"noopener\">I JORNADA TECNIT 2017 (29 Marzo de 2017)<\/a><\/li>\n<li><a href=\"http:\/\/tecnit.umh.es\/files\/2013\/10\/ProgramaJornada02Octubre2017.pdf\" target=\"_blank\" rel=\"noopener\">II JORNADA TECNIT 2017 (2 Octubre de 2017)<\/a><\/li>\n<\/ul>\n<p>_______________________<br \/>\n<a name=\"2016\"><\/a><\/p>\n<h1><strong>2016<\/strong><\/h1>\n<p>Durante el a\u00f1o 2016 se realiza la I JORNADA TECNIT 2016 (4 de marzo de 2016)<\/p>\n<p>_______________________<br \/>\n<a name=\"2015\"><\/a><\/p>\n<h1><strong>2015<\/strong><\/h1>\n<p>Durante el a\u00f1o 2015 se realiza la <a href=\"http:\/\/tecnit.umh.es\/files\/2013\/10\/Jornada-de-Doctorandos-TECNIT-2015.pdf\" target=\"_blank\" rel=\"noopener\">I JORNADA TECNIT 2015 (4 de mayo de 2015)<\/a><\/p>\n<p>_______________________<br \/>\n<a name=\"2014\"><\/a><\/p>\n<h1><strong>2014<\/strong><\/h1>\n<p>Durante el a\u00f1o 2014 se realiza la I JORNADA TECNIT 2014 (12 de mayo de 2014)<\/p>","protected":false},"excerpt":{"rendered":"<p>Las Jornadas de Doctorandos del Programa TECNIT consisten en reuniones cient\u00edficas, abiertas al p\u00fablico, de los investigadores del programa, as\u00ed como investigadores invitados. En ellas se pretende fomentar la interacci\u00f3n entre nuestros investigadores y doctorandos, con los colaboradores externos, as\u00ed como con futuros estudiantes. Todos los alumnos matriculados en el programa de doctorado TECNIT deber\u00e1n [&hellip;]<\/p>\n","protected":false},"author":185,"featured_media":0,"parent":137,"menu_order":10,"comment_status":"closed","ping_status":"closed","template":"","meta":{"_et_pb_use_builder":"","_et_pb_old_content":"","_et_gb_content_width":"","_links_to":"","_links_to_target":""},"_links":{"self":[{"href":"https:\/\/tecnit.umh.es\/en\/wp-json\/wp\/v2\/pages\/518"}],"collection":[{"href":"https:\/\/tecnit.umh.es\/en\/wp-json\/wp\/v2\/pages"}],"about":[{"href":"https:\/\/tecnit.umh.es\/en\/wp-json\/wp\/v2\/types\/page"}],"author":[{"embeddable":true,"href":"https:\/\/tecnit.umh.es\/en\/wp-json\/wp\/v2\/users\/185"}],"replies":[{"embeddable":true,"href":"https:\/\/tecnit.umh.es\/en\/wp-json\/wp\/v2\/comments?post=518"}],"version-history":[{"count":0,"href":"https:\/\/tecnit.umh.es\/en\/wp-json\/wp\/v2\/pages\/518\/revisions"}],"up":[{"embeddable":true,"href":"https:\/\/tecnit.umh.es\/en\/wp-json\/wp\/v2\/pages\/137"}],"wp:attachment":[{"href":"https:\/\/tecnit.umh.es\/en\/wp-json\/wp\/v2\/media?parent=518"}],"curies":[{"name":"wp","href":"https:\/\/api.w.org\/{rel}","templated":true}]}}