{"id":222,"date":"2013-06-20T16:35:06","date_gmt":"2013-06-20T16:35:06","guid":{"rendered":"http:\/\/tecnit.umh.es\/?page_id=222"},"modified":"2021-01-29T10:17:47","modified_gmt":"2021-01-29T10:17:47","slug":"admision-y-matricula","status":"publish","type":"page","link":"https:\/\/tecnit.umh.es\/en\/futuro-doctorand\/admision-y-matricula\/","title":{"rendered":"Admisi\u00f3n y Matr\u00edcula"},"content":{"rendered":"<p><\/p>\n<h4><span style=\"color: #008080;\"><strong>ADMISI\u00d3N &#8211; CRITERIOS GEN\u00c9RICOS<\/strong><\/span><\/h4>\n<ol>\n<li>Con car\u00e1cter general, para el acceso a un programa oficial de doctorado ser\u00e1 necesario estar en posesi\u00f3n de los t\u00edtulos oficiales espa\u00f1oles de\u00a0Grado, o equivalente, y de M\u00e1ster Universitario.<\/li>\n<li>Asimismo podr\u00e1n acceder quienes se encuentren en alguno de los siguientes supuestos:<\/li>\n<\/ol>\n<p style=\"padding-left: 60px;\">a) Estar en posesi\u00f3n de un t\u00edtulo universitario oficial espa\u00f1ol, o de otro pa\u00eds integrante del Espacio Europeo de Educaci\u00f3n Superior, que habilite para\u00a0el acceso a M\u00e1ster de acuerdo con lo establecido en el art\u00edculo 16 del Real Decreto 1393\/2007, de 29 de octubre y haber superado un m\u00ednimo de\u00a0300 cr\u00e9ditos ECTS en el conjunto de estudios universitarios oficiales, de los que, al menos 60, habr\u00e1n de ser de nivel de M\u00e1ster. Dichos titulados\u00a0deber\u00e1n cursar con car\u00e1cter obligatorio 6 cr\u00e9ditos ECTS de formaci\u00f3n investigadora, salvo que en el conjunto de estudios universitarios oficiales\u00a0incluya cr\u00e9ditos de formaci\u00f3n en investigaci\u00f3n, equivalentes en valor formativo a los cr\u00e9ditos en investigaci\u00f3n de nivel de Master<\/p>\n<p style=\"padding-left: 60px;\">b) Estar en posesi\u00f3n de un t\u00edtulo oficial espa\u00f1ol de Graduado, cuya duraci\u00f3n, conforme a normas de derecho comunitario, sea de al\u00a0menos 300 cr\u00e9ditos ECTS. Dichos titulados deber\u00e1n cursar con car\u00e1cter obligatorio los complementos de formaci\u00f3n a que se refiere el art\u00edculo\u00a07.2 del Real Decreto 99\/2011 del 10 de febrero, esta norma, salvo que el plan de estudios del correspondiente t\u00edtulo de grado incluya cr\u00e9ditos\u00a0de formaci\u00f3n en investigaci\u00f3n, equivalentes en valor formativo a los cr\u00e9ditos en investigaci\u00f3n procedentes de estudios de M\u00e1ster. La formaci\u00f3n\u00a0investigadora contendr\u00e1 al menos los siguientes descriptores: <em>Caracter\u00edsticas fundamentales del proceso de producci\u00f3n y difusi\u00f3n cient\u00edfica.\u00a0Sistemas de recuperaci\u00f3n de la informaci\u00f3n. Evaluaci\u00f3n de los trabajos de investigaci\u00f3n. La medici\u00f3n de la calidad de la actividad cient\u00edfica. \u00c9tica en\u00a0la actividad investigadora. Financiaci\u00f3n de la investigaci\u00f3n. Preparaci\u00f3n de proyectos de investigaci\u00f3n. Carrera profesional investigadora<\/em>.<\/p>\n<p style=\"padding-left: 60px;\">c) Los titulados universitarios que, previa obtenci\u00f3n de plaza en formaci\u00f3n en la correspondiente prueba de acceso a plazas de formaci\u00f3n sanitaria\u00a0especializada, hayan superado con evaluaci\u00f3n positiva al menos dos a\u00f1os de formaci\u00f3n de un programa para la obtenci\u00f3n del t\u00edtulo oficial de alguna\u00a0de las especialidades en Ciencias de la Salud.<\/p>\n<p style=\"padding-left: 60px;\">d) Estar en posesi\u00f3n de un t\u00edtulo obtenido conforme a sistemas educativos extranjeros, sin necesidad de su homologaci\u00f3n, previa comprobaci\u00f3n por\u00a0la universidad de que \u00e9ste acredita un nivel de formaci\u00f3n equivalente a la del t\u00edtulo oficial espa\u00f1ol de M\u00e1ster Universitario y que faculta en el pa\u00eds\u00a0expedidor del t\u00edtulo para el acceso a estudios de doctorado. Esta admisi\u00f3n no implicar\u00e1, en ning\u00fan caso, la homologaci\u00f3n del t\u00edtulo previo del que\u00a0est\u00e9 en posesi\u00f3n el interesado ni su reconocimiento a otros efectos que el del acceso a ense\u00f1anzas de Doctorado.<\/p>\n<p style=\"padding-left: 60px;\">e) Estar en posesi\u00f3n de otro t\u00edtulo espa\u00f1ol de Doctor obtenido conforme a anteriores ordenaciones universitarias.\u00a0Asimismo, podr\u00e1n ser admitidos a los estudios de doctorado los Licenciados, Arquitectos o Ingenieros que estuvieran en posesi\u00f3n del Diploma\u00a0de Estudios Avanzados obtenido de acuerdo con lo dispuesto en el Real Decreto 778\/1998, de 30 de abril, o hubieran alcanzado la suficiencia\u00a0investigadora regulada por el Real Decreto 185\/1985, de 23 de enero.<\/p>\n<p style=\"padding-left: 90px;\"><strong>\u00a0<\/strong><\/p>\n<p>Se consideran como competencias requeridas para el acceso al <strong>Programa de Doctorado TECNIT<\/strong>\u00a0las siguientes:<\/p>\n<ul>\n<li>Capacidad de dise\u00f1o de t\u00e9cnicas de simulaci\u00f3n de procesos y sistemas propios de la Ingenier\u00eda Industrial o de la Ingenier\u00eda de Telecomunicaci\u00f3n,<\/li>\n<li>Capacidad de aplicar los fundamentos cient\u00edficos y tecnol\u00f3gicos en Ingenier\u00eda Industrial o en Ingenier\u00eda de Telecomunicaci\u00f3n,<\/li>\n<li>Capacidad de resolver problemas en sistemas de Ingenier\u00eda, mediante la aplicaci\u00f3n de t\u00e9cnicas num\u00e9ricas y herramientas inform\u00e1ticas,<\/li>\n<li>Capacidad de integrar tecnolog\u00edas y desarrollar sistemas,<\/li>\n<li>Capacidad de analizar, caracterizar y optimizar dispositivos,<\/li>\n<li>Capacidad de modelar, analizar, optimizar y resolver problemas reales y sistemas de la Ingenier\u00eda Industrial o de la Ingenier\u00eda de\u00a0Telecomunicaci\u00f3n,<\/li>\n<li>Capacidad de conocer y aplicar t\u00e9cnicas de redacci\u00f3n de trabajos cient\u00edficos en Ingenier\u00eda, y de comunicar y exponer p\u00fablicamente trabajos e\u00a0informes,<\/li>\n<li>Capacidad de conocer y aplicar los procedimientos para el acceso a las fuentes de informaci\u00f3n,<\/li>\n<li>Capacidad de conocer los procedimientos para la captaci\u00f3n de fondos de I+D+i y de promoci\u00f3n profesional en el \u00e1mbito de la investigaci\u00f3n\u00a0cient\u00edfica en Ingenier\u00eda.<\/li>\n<\/ul>\n<p>El alumno que quiera acceder a este programa de doctorado debe ser capaz de aplicar los conocimientos te\u00f3ricos adquiridos durante\u00a0sus estudios anteriores a situaciones reales, ser cr\u00edtico con el estado actual del conocimiento y creativo para buscar alternativas pr\u00e1cticas y reales\u00a0para mejorarlo.<\/p>\n<p>Es imprescindible el inter\u00e9s en investigaci\u00f3n en alguna de las \u00e1reas tratadas (Electr\u00f3nica, Autom\u00e1tica, Redes, Comunicaciones, Fot\u00f3nica, Procesamiento Energ\u00e9tico), haber realizado trabajos b\u00e1sicos en laboratorio y tener conocimientos b\u00e1sicos sobre el\u00a0proceso investigador.<\/p>\n<p>Se podr\u00e1n emplear las lenguas oficiales de la Comunidad Valenciana, as\u00ed como el ingl\u00e9s, lengua habitual de la comunidad\u00a0cient\u00edfica. Si bien no se exigir\u00e1 un t\u00edtulo oficial de ingl\u00e9s, s\u00ed se recomienda un nivel\u00a0suficiente para trabajar con textos cient\u00edficos, realizar b\u00fasquedas bibliogr\u00e1ficas, escribir textos b\u00e1sico y sencillo y seguir seminarios en ingl\u00e9s (este\u00a0nivel se considera equivalente al nivel B1).<\/p>\n<h4><span style=\"color: #008080;\"><strong>PERFIL DE INGRESO RECOMENDADO<\/strong><\/span><\/h4>\n<p>Se considera perfil de ingreso recomendado el t\u00edtulo de <a href=\"http:\/\/www.umh.es\/contenido\/Estudios\/:tit_m_106\/datos_es.html\" target=\"_blank\"><strong>M\u00e1ster Universitario de Investigaci\u00f3n en Tecnolog\u00edas Industriales y de Telecomunicaci\u00f3n<\/strong><\/a>, implantado en la EPSE. El acceso desde este M\u00e1ster no requiere la realizaci\u00f3n de complementos de formaci\u00f3n.<\/p>\n<p>Asimismo, se considerar\u00e1n perfiles de ingreso adecuados aquellos correspondientes a los \u00e1mbitos propios de la Ingenier\u00eda Industrial y de la Ingenier\u00eda de Telecomunicaci\u00f3n. En particular los siguientes M\u00e1steres oficiales actualmente ya implantados en la EPSE:<\/p>\n<ul>\n<li><a href=\"http:\/\/www.umh.es\/contenido\/Estudios\/:tit_m_184\/datos_es.html\" target=\"_blank\"><strong>M\u00e1ster Universitario en Ingenier\u00eda de Telecomunicaci\u00f3n<\/strong><\/a>,<\/li>\n<li><a href=\"http:\/\/www.umh.es\/contenido\/Estudios\/:tit_m_185\/datos_es.html\" target=\"_blank\"><strong>M\u00e1ster Universitario en Ingenier\u00eda Industrial<\/strong><\/a>,<\/li>\n<li><strong><a title=\"Master en ROBOTICA \" href=\"http:\/\/masterrobotica.edu.umh.es\/\" target=\"_blank\">M\u00e1ster Universitario en Rob\u00f3tica<\/a><\/strong>,<\/li>\n<li><a href=\"http:\/\/www.umh.es\/contenido\/Estudios\/:tit_m_157\/datos_es.html\" target=\"_blank\"><strong>M\u00e1ster Universitario en Instalaciones T\u00e9rmicas y El\u00e9ctricas. Eficiencia Energ\u00e9tica<\/strong><\/a>,<\/li>\n<li><a href=\"http:\/\/www.umh.es\/contenido\/Estudios\/:tit_m_186\/datos_es.html\" target=\"_blank\"><strong>M\u00e1ster Universitario en Energ\u00eda Solar y Renovables<\/strong><\/a>,<\/li>\n<\/ul>\n<p>Otros M\u00e1steres oficiales en las ramas de Ingenier\u00eda o de Ciencias, de la UMH u otras universidades, se considerar\u00e1n tambi\u00e9n adecuados perfiles de ingreso siempre que proporcionen competencias suficientes en los campos espec\u00edficos del Programa de Doctorado, esto es, en <strong>Electr\u00f3nica<\/strong>, <strong>Autom\u00e1tica<\/strong>, <strong>Redes<\/strong>, <strong>Comunicaciones<\/strong>, <strong>Fot\u00f3nica<\/strong>, o <strong>Procesamiento Energ\u00e9tico<\/strong>.<\/p>\n<p>La admisi\u00f3n requiere de una formaci\u00f3n de al menos 6 cr\u00e9ditos ECTS de car\u00e1cter interdisciplinar en la materia <strong>Actividad Investigadora y su financiaci\u00f3n<\/strong>, conteniendo al menos los siguientes descriptores: Caracter\u00edsticas fundamentales del\u00a0proceso de producci\u00f3n y difusi\u00f3n cient\u00edfica. Sistemas de recuperaci\u00f3n de la informaci\u00f3n. Evaluaci\u00f3n de los trabajos de investigaci\u00f3n. Medici\u00f3n de\u00a0la calidad de la actividad cient\u00edfica. \u00c9tica en la actividad investigadora. Financiaci\u00f3n de la investigaci\u00f3n. Preparaci\u00f3n de proyectos de investigaci\u00f3n.\u00a0Carrera profesional investigadora.<\/p>\n<p>En caso en que el t\u00edtulo de M\u00e1ster que de acceso al programa no los contenga, esta formaci\u00f3n podr\u00e1 realizarse en un curso propio espec\u00edfico de la UMH.<\/p>\n<p>En todos los casos, ser\u00e1 la\u00a0<a title=\"Comisi\u00f3n Acad\u00e9mica del Programa de Doctorado CAPD\" href=\"http:\/\/tecnit.umh.es\/lineas-de-investigacion\/comision-academica-del-programa-de-doctorado-capd\/\" target=\"_blank\"><strong>Comisi\u00f3n\u00a0Acad\u00e9mica <\/strong>del<strong> Programa de Doctorado TECNIT<\/strong>\u00a0<strong>(CAPD)<\/strong><\/a> el \u00f3rgano encargado de valorar la adecuaci\u00f3n del perfil al Programa.<\/p>\n<p>Adem\u00e1s de los criterios generales admisi\u00f3n, \u00a0la <strong>Comisi\u00f3n Acad\u00e9mica<\/strong> tomar\u00e1 en cuenta los siguientes aspectos para\u00a0determinar la admisi\u00f3n definitiva:<\/p>\n<ol>\n<li>Adecuaci\u00f3n de la titulaci\u00f3n de acceso al Programa de Doctorado (50%),<\/li>\n<li>Nota media del expediente acad\u00e9mico del candidato (40%). \u00c9sta se calcular\u00e1 tomando en cuenta las calificaciones obtenidas en los estudios de\u00a0Grado o equivalente y M\u00e1ster o equivalente,<\/li>\n<li>Otros m\u00e9ritos acad\u00e9micos (10%). \u00c9stos incluyen aspectos, tales como las realizaci\u00f3n de proyectos final de grado o m\u00e1ster en tem\u00e1ticas\u00a0relacionadas con el Programa de Doctorado, la realizaci\u00f3n de otros trabajos acad\u00e9micos (art\u00edculos, comunicaciones\u2026), la realizaci\u00f3n de estancias\u00a0formativas en centros nacionales e internacionales, y los m\u00e9ritos profesionales.<\/li>\n<\/ol>\n<h4><span style=\"color: #008080;\"><strong>FORMULARIO DE PREINSCRIPCI\u00d3N<\/strong><\/span><\/h4>\n<p>En el siguiente enlace se encuentra el <strong><a href=\"http:\/\/tecnit.umh.es\/files\/2013\/06\/Formulario-preinscripci\u00f3n-TECNIT.pdf\">formulario de preinscripci\u00f3n<\/a><\/strong>\u00a0al programa de doctorado TECNOLOG\u00cdAS INDUSTRIALES Y DE TELECOMUNICACI\u00d3N.<\/p>\n<h4><span style=\"color: #008080;\"><strong>PLAZOS <a title=\"Calendario Acad\u00e9mico 2017-18\" href=\"http:\/\/estudios.umh.es\/files\/2014\/03\/Calendario-acad%C3%A9mico-UMH-2017-2018.pdf\" target=\"_blank\">(Curso 2020\/21)<\/a><\/strong><\/span><\/h4>\n<p>El procedimiento es el siguiente:<\/p>\n<ul>\n<li>Preinscripci\u00f3n al Programa de Doctorado: 15 de julio al 15 de septiembre de 2020<\/li>\n<li>Publicaci\u00f3n de listas provisionales: 28 de septiembre de 2020<\/li>\n<li>Reclamaciones: 29 de septiembre al 2 de octubre de 2020<\/li>\n<li>Publicaci\u00f3n listas definitivas: 8 octubre 2020<\/li>\n<li>Matr\u00edcula: 8 al 16 de octubre de 2020<\/li>\n<\/ul>\n<p>Los plazos de preinscripci\u00f3n y matr\u00edcula permanecer\u00e1n abiertos en el caso de que existan plazas vacantes<\/p>","protected":false},"excerpt":{"rendered":"<p>ADMISI\u00d3N &#8211; CRITERIOS GEN\u00c9RICOS Con car\u00e1cter general, para el acceso a un programa oficial de doctorado ser\u00e1 necesario estar en posesi\u00f3n de los t\u00edtulos oficiales espa\u00f1oles de\u00a0Grado, o equivalente, y de M\u00e1ster Universitario. Asimismo podr\u00e1n acceder quienes se encuentren en alguno de los siguientes supuestos: a) Estar en posesi\u00f3n de un t\u00edtulo universitario oficial espa\u00f1ol, [&hellip;]<\/p>\n","protected":false},"author":185,"featured_media":0,"parent":113,"menu_order":10,"comment_status":"closed","ping_status":"closed","template":"","meta":{"_et_pb_use_builder":"","_et_pb_old_content":"","_et_gb_content_width":"","_links_to":"","_links_to_target":""},"_links":{"self":[{"href":"https:\/\/tecnit.umh.es\/en\/wp-json\/wp\/v2\/pages\/222"}],"collection":[{"href":"https:\/\/tecnit.umh.es\/en\/wp-json\/wp\/v2\/pages"}],"about":[{"href":"https:\/\/tecnit.umh.es\/en\/wp-json\/wp\/v2\/types\/page"}],"author":[{"embeddable":true,"href":"https:\/\/tecnit.umh.es\/en\/wp-json\/wp\/v2\/users\/185"}],"replies":[{"embeddable":true,"href":"https:\/\/tecnit.umh.es\/en\/wp-json\/wp\/v2\/comments?post=222"}],"version-history":[{"count":0,"href":"https:\/\/tecnit.umh.es\/en\/wp-json\/wp\/v2\/pages\/222\/revisions"}],"up":[{"embeddable":true,"href":"https:\/\/tecnit.umh.es\/en\/wp-json\/wp\/v2\/pages\/113"}],"wp:attachment":[{"href":"https:\/\/tecnit.umh.es\/en\/wp-json\/wp\/v2\/media?parent=222"}],"curies":[{"name":"wp","href":"https:\/\/api.w.org\/{rel}","templated":true}]}}