{"id":208,"date":"2013-06-20T11:04:51","date_gmt":"2013-06-20T11:04:51","guid":{"rendered":"http:\/\/tecnit.umh.es\/?page_id=208"},"modified":"2019-11-28T14:28:49","modified_gmt":"2019-11-28T14:28:49","slug":"lineas-de-investigacion","status":"publish","type":"page","link":"https:\/\/tecnit.umh.es\/en\/presentacion\/lineas-de-investigacion\/","title":{"rendered":"L\u00edneas de Investigaci\u00f3n"},"content":{"rendered":"<p>El <strong>Programa de Doctorado TECNIT<\/strong> se articula en cuatro equipos de investigaci\u00f3n, centrados en cuatro grandes l\u00edneas fundamentales en el campo actual de la Ingenier\u00eda:<\/p>\n<h4><strong><strong><img loading=\"lazy\" class=\"alignleft\" src=\"http:\/\/tecnit.umh.es\/files\/2013\/06\/tit_d_223_3.jpg\" alt=\"tit_d_223_3\" width=\"143\" height=\"80\" \/><\/strong><span style=\"color: #008080;\">ELECTR\u00d3NICA Y AUTOM\u00c1TICA<\/span><\/strong><\/h4>\n<p>\u00c9stas son disciplinas clave en el desarrollo industrial y el desarrollo tecnol\u00f3gico. Forman parte de numerosos procesos y sistemas cotidianos, y sus repercusiones sociales son crecientes. En un futuro pr\u00f3ximo se prev\u00e9 que el \u00e1mbito de su aplicaci\u00f3n pase de los entornos actuales estrictamente industriales o de laboratorio, a entornos cotidianos. Este salto sin duda alguna se est\u00e1 realizando gracias a la investigaci\u00f3n en los diferentes aspectos relacionadas, algunos de los cuales se desarrollan por parte de los investigadores participantes dentro de esta l\u00ednea.<\/p>\n<p>Las l\u00edneas espec\u00edficas de investigaci\u00f3n que se abordan en este campo son:<\/p>\n<ul>\n<li>rob\u00f3tica,<\/li>\n<li>optoelectr\u00f3nica,<\/li>\n<li>procesos de automatizaci\u00f3n y control,<\/li>\n<li>sistemas teleoperados,<\/li>\n<li>sistemas de visi\u00f3n por computador,<\/li>\n<li>m\u00e9todos computacionales aplicados a la industria.<\/li>\n<\/ul>\n<p>\u00a0<\/p>\n<h4><strong><strong><img loading=\"lazy\" class=\"alignleft\" src=\"http:\/\/tecnit.umh.es\/files\/2013\/06\/tit_d_223_1.jpg\" alt=\"tit_d_223_1\" width=\"143\" height=\"80\" \/><\/strong><span style=\"color: #008080;\">FOT\u00d3NICA<\/span><\/strong><\/h4>\n<p>La Fot\u00f3nica constituye otra de las ramas de creciente importancia en el \u00e1mbito de la Ingenier\u00eda. Los sistemas de comunicaciones \u00f3pticas, o los procesos industriales o biol\u00f3gicos basados en tecnolog\u00eda l\u00e1ser son ejemplos de su \u00e1mbito de actuaci\u00f3n. De hecho, esta disciplina ha sido declarada recientemente por la Uni\u00f3n Europea como una de las 5\u00a0<em>tecnolog\u00edas facilitadoras clave<\/em>\u00a0o KET (en ingl\u00e9s\u00a0<a href=\"http:\/\/ec.europa.eu\/enterprise\/sectors\/ict\/key_technologies\/index_en.htm\" target=\"_blank\"><em>Key Enabling Technologies<\/em><\/a>), con una inversi\u00f3n prevista en los programas marco de investigaci\u00f3n de 1.795 millones de euros para el periodo 2014-2020.<\/p>\n<p>En esta l\u00ednea se abordan investigaciones en los siguientes \u00e1mbitos:<\/p>\n<ul>\n<li>desarrollo de sistemas l\u00e1ser,<\/li>\n<li>sistemas de procesado fot\u00f3nico,<\/li>\n<li>dispositivos moduladores \u00f3pticos,<\/li>\n<li>t\u00e9cnicas de visualizaci\u00f3n y procesado de im\u00e1genes,<\/li>\n<li>sistemas de \u00f3ptica difractiva y de polarimetr\u00eda.<strong>\u00a0<\/strong><\/li>\n<\/ul>\n<p>\u00a0<\/p>\n<h4><strong><strong><img loading=\"lazy\" class=\"alignleft\" src=\"http:\/\/tecnit.umh.es\/files\/2013\/06\/tit_d_223_4.jpg\" alt=\"tit_d_223_4\" width=\"143\" height=\"80\" \/><\/strong><span style=\"color: #008080;\">PROCESAMIENTO ENERG\u00c9TICO<\/span><\/strong><\/h4>\n<p>Los sistemas de procesamiento energ\u00e9tico y aumento de la eficiencia energ\u00e9tica constituyen uno de los grandes retos de la ingenier\u00eda actual.<\/p>\n<p>\u00a0<\/p>\n<p>\u00a0<\/p>\n<p>En esta l\u00ednea se desarrollan investigaciones en las siguientes tem\u00e1ticas:<\/p>\n<ul>\n<li>control y sistemas de potencia para aplicaciones industriales y aerospaciales,<\/li>\n<li>eficiencia energ\u00e9tica de equipos y sistemas,<\/li>\n<li>an\u00e1lisis de instalaciones t\u00e9rmicas,<\/li>\n<li>t\u00e9cnicas de mejora de la transferencia del calor.<\/li>\n<\/ul>\n<p>\u00a0<\/p>\n<h4><strong style=\"color: #000000;\"><strong><img loading=\"lazy\" class=\"alignleft\" src=\"http:\/\/tecnit.umh.es\/files\/2013\/06\/tit_d_223_2.jpg\" alt=\"tit_d_223_2\" width=\"143\" height=\"80\" \/><\/strong><span style=\"color: #008080;\">REDES Y COMUNICACIONES<\/span><\/strong><\/h4>\n<p>Las tecnolog\u00edas de la informaci\u00f3n y las comunicaciones (TIC) desempe\u00f1an un papel fundamental en el desarrollo tecnol\u00f3gico a nivel mundial. El sector TIC incluye los servicios de telecomunicaci\u00f3n, las tecnolog\u00edas de la informaci\u00f3n, las industrias de telecomunicaci\u00f3n, la electr\u00f3nica de consumo, la electr\u00f3nica profesional, los componentes electr\u00f3nicos, los contenidos digitales. En el a\u00f1o 2011 se ha generado un mercado de 85.073 millones de euros con un empleo directo que asciende a 386.000 personas (seg\u00fan fuentes del informe Anual 2011 de AMETIC).\u00a0El motor de esta expansi\u00f3n y volumen de negocio en el sector TIC, est\u00e1 s\u00f3lidamente anclado a las l\u00edneas de I+D+i.<\/p>\n<p>Dentro de esta l\u00ednea se abordan investigaciones en las siguientes tem\u00e1ticas:<\/p>\n<ul>\n<li>antenas en tecnolog\u00eda planar,<\/li>\n<li>filtros y dispositivos pasivos de microondas para comunicaciones,<\/li>\n<li>comunicaciones m\u00f3viles (redes multi-hop celular y redes heterog\u00e9neas),<\/li>\n<li>redes inal\u00e1mbricas multisalto (MANET, VANET, WSN, WSN industriales, etc),<\/li>\n<li>dise\u00f1o hardware de dispositivos multimedia,<\/li>\n<li>codificaci\u00f3n de imagen y video,<\/li>\n<li>computaci\u00f3n paralela,<\/li>\n<li>evaluaci\u00f3n y modelado de arquitecturas web.<\/li>\n<\/ul>\n<p><span style=\"color: #000000;\">\u00a0<\/span><\/p>\n<p>\u00a0<\/p>\n<p>\u00a0<\/p>\n<p>\u00a0<\/p>","protected":false},"excerpt":{"rendered":"<p>El Programa de Doctorado TECNIT se articula en cuatro equipos de investigaci\u00f3n, centrados en cuatro grandes l\u00edneas fundamentales en el campo actual de la Ingenier\u00eda: ELECTR\u00d3NICA Y AUTOM\u00c1TICA \u00c9stas son disciplinas clave en el desarrollo industrial y el desarrollo tecnol\u00f3gico. Forman parte de numerosos procesos y sistemas cotidianos, y sus repercusiones sociales son crecientes. En [&hellip;]<\/p>\n","protected":false},"author":185,"featured_media":0,"parent":16,"menu_order":20,"comment_status":"closed","ping_status":"closed","template":"","meta":{"_et_pb_use_builder":"","_et_pb_old_content":"","_et_gb_content_width":"","_links_to":"","_links_to_target":""},"_links":{"self":[{"href":"https:\/\/tecnit.umh.es\/en\/wp-json\/wp\/v2\/pages\/208"}],"collection":[{"href":"https:\/\/tecnit.umh.es\/en\/wp-json\/wp\/v2\/pages"}],"about":[{"href":"https:\/\/tecnit.umh.es\/en\/wp-json\/wp\/v2\/types\/page"}],"author":[{"embeddable":true,"href":"https:\/\/tecnit.umh.es\/en\/wp-json\/wp\/v2\/users\/185"}],"replies":[{"embeddable":true,"href":"https:\/\/tecnit.umh.es\/en\/wp-json\/wp\/v2\/comments?post=208"}],"version-history":[{"count":0,"href":"https:\/\/tecnit.umh.es\/en\/wp-json\/wp\/v2\/pages\/208\/revisions"}],"up":[{"embeddable":true,"href":"https:\/\/tecnit.umh.es\/en\/wp-json\/wp\/v2\/pages\/16"}],"wp:attachment":[{"href":"https:\/\/tecnit.umh.es\/en\/wp-json\/wp\/v2\/media?parent=208"}],"curies":[{"name":"wp","href":"https:\/\/api.w.org\/{rel}","templated":true}]}}