{"id":1691,"date":"2017-06-01T08:28:10","date_gmt":"2017-06-01T08:28:10","guid":{"rendered":"http:\/\/tecnit.umh.es\/?page_id=1691"},"modified":"2021-07-13T16:20:12","modified_gmt":"2021-07-13T16:20:12","slug":"generalidades","status":"publish","type":"page","link":"https:\/\/tecnit.umh.es\/en\/tesis-doctorales\/generalidades\/","title":{"rendered":"Generalidades"},"content":{"rendered":"<p><\/p>\n<ul>\n<li><strong>IMPRESOS<\/strong>\n<ul>\n<li><a href=\"https:\/\/estudios.umh.es\/doctorado\/\">Impresos\u00a0relacionados con la Tesis Doctoral<\/a><\/li>\n<\/ul>\n<p><strong>FORMATO TESIS DOCTORAL<\/strong><\/p>\n<p>Seg\u00fan acuerdo adoptado por la Comisi\u00f3n Acad\u00e9mica del Programa de Doctorado, las Tesis Doctorales presentadas dentro del programa de doctorado TECNOLOG\u00cdAS INDUSTRIALES Y DE TELECOMUNICACI\u00d3N, deber\u00e1n ajustarse a los siguientes formatos en cuanto a su tama\u00f1o y portada:<\/p>\n<p><strong>Tama\u00f1o<\/strong>. Se podr\u00e1 optar por uno de los dos tama\u00f1os siguientes:<\/p>\n<ul>\n<li>Tama\u00f1o A4: (Ancho 210 mm &#8211; Alto 297 mm)<\/li>\n<li>Tama\u00f1o Libro: (Ancho 190 mm &#8211; Alto 260 mm)<\/li>\n<\/ul>\n<p><strong>Portada\/Contraportada<\/strong>. Este formato\/estilo de portada ser\u00e1 v\u00e1lido\u00a0<strong>tanto para las tesis en papel como en las tesis en formato PDF.\u00a0<\/strong>En funci\u00f3n del tama\u00f1o elegido a continuaci\u00f3n se dejan los documentos para la elaboraci\u00f3n de la portada\/lomo\/contraportada. Se recomienda editar el fichero pdf de portada en funci\u00f3n del tama\u00f1o elegido y modificar sobre el pdf los datos correspondientes a la Tesis doctoral:<\/p>\n<ul>\n<li><a href=\"http:\/\/tecnit.umh.es\/files\/2017\/06\/INDICACIONES-A4.pdf\" target=\"_blank\">Indicaciones portada Tama\u00f1o A4<\/a><\/li>\n<li><a href=\"http:\/\/tecnit.umh.es\/files\/2017\/06\/INDICACIONES-19-X-26.pdf\" target=\"_blank\">Indicaciones portada Tama\u00f1o Libro<\/a><\/li>\n<li><a href=\"http:\/\/tecnit.umh.es\/files\/2017\/06\/Formato-de-encuadernaci\u00f3n-A4-210-x-297.pdf\" target=\"_blank\">Portada Tama\u00f1o A4<\/a><\/li>\n<li><a href=\"http:\/\/tecnit.umh.es\/files\/2017\/06\/Formato-de-encuadernaci\u00f3n-reducida-190-x-260.pdf\" target=\"_blank\">Portada Tama\u00f1o Libro<\/a><\/li>\n<\/ul>\n<p><strong>EVALUACI\u00d3N DE TESIS DOCTORAL<\/strong><\/p>\n<ul>\n<li><a href=\"https:\/\/estudios.umh.es\/doctorado\/tesisdoctoral\/evaluacion-de-tesis-doctoral\/\">Procedimiento de Evaluaci\u00f3n de Tesis Doctoral<\/a><\/li>\n<\/ul>\n<p><strong>PROCEDIMIENTO DE DEP\u00d3SITO<\/strong><\/p>\n<ul>\n<li><a href=\"http:\/\/estudios.umh.es\/doctorado\/procedimiento-de-deposito-de-tesis-doctoral-programas-en-extincion-del-rd13932007\/\">Procedimiento de dep\u00f3sito de Tesis Doctoral<\/a>\u00a0(programas en extinci\u00f3n del RD1393\/2007)<\/li>\n<li><a href=\"http:\/\/estudios.umh.es\/doctorado\/preinscripcion\/deposito-de-tesis-doctoral\/\">Procedimiento de dep\u00f3sito de Tesis Doctoral\u00a0<\/a>(programas de doctorado\u00a0<strong>RD 99\/2011<\/strong>)<\/li>\n<li><a href=\"https:\/\/estudios.umh.es\/files\/2020\/05\/Procedimiento-dep%C3%B3sito-y-lectura-de-tesis-de-forma-telem%C3%A1tica.pdf\">Procedimiento de dep\u00f3sito de Tesis Doctoral<\/a><\/li>\n<\/ul>\n<p><strong>PROCEDIMIENTO DE LECTURA TESIS DOCTORAL<\/strong><\/p>\n<ul>\n<li><a href=\"https:\/\/estudios.umh.es\/doctorado\/tesisdoctoral\/defensa-de-tesis-modalidad-presencial\/\" target=\"_blank\">Defensa: Modalidad presencial<\/a><\/li>\n<li><a href=\"https:\/\/estudios.umh.es\/doctorado\/tesisdoctoral\/defensa-de-tesis-modalidad-a-distancia\/\" target=\"_blank\">Defensa: Modalidad a distancia<\/a><\/li>\n<\/ul>\n<p><strong>ESCRUTINIO DE VOTOS MENCI\u00d3N CUM-LAUDE<\/strong><\/p>\n<ul>\n<li><a href=\"http:\/\/estudios.umh.es\/doctorado\/preinscripcion\/procedimiento-del-escrutinio-de-los-votos-de-la-mencion-de-cum-laude\/\">Procedimiento de escrutinio de votos<\/a><\/li>\n<\/ul>\n<p><strong>INFORME TURNITIN<\/strong><\/p>\n<ul>\n<li><a title=\"Video Informe Turnitin\" href=\"https:\/\/www.youtube.com\/watch?v=Cvgw1gC_VKs&amp;feature=youtu.be\" target=\"_blank\">Video explicativo para la realizaci\u00f3n del informe Turnitin del documento de Tesis<\/a><\/li>\n<\/ul>\n<\/li>\n<\/ul>\n<p><\/p>","protected":false},"excerpt":{"rendered":"<p>IMPRESOS Impresos\u00a0relacionados con la Tesis Doctoral FORMATO TESIS DOCTORAL Seg\u00fan acuerdo adoptado por la Comisi\u00f3n Acad\u00e9mica del Programa de Doctorado, las Tesis Doctorales presentadas dentro del programa de doctorado TECNOLOG\u00cdAS INDUSTRIALES Y DE TELECOMUNICACI\u00d3N, deber\u00e1n ajustarse a los siguientes formatos en cuanto a su tama\u00f1o y portada: Tama\u00f1o. Se podr\u00e1 optar por uno de los [&hellip;]<\/p>\n","protected":false},"author":185,"featured_media":0,"parent":1683,"menu_order":5,"comment_status":"closed","ping_status":"closed","template":"","meta":{"_et_pb_use_builder":"","_et_pb_old_content":"","_et_gb_content_width":"","_links_to":"","_links_to_target":""},"_links":{"self":[{"href":"https:\/\/tecnit.umh.es\/en\/wp-json\/wp\/v2\/pages\/1691"}],"collection":[{"href":"https:\/\/tecnit.umh.es\/en\/wp-json\/wp\/v2\/pages"}],"about":[{"href":"https:\/\/tecnit.umh.es\/en\/wp-json\/wp\/v2\/types\/page"}],"author":[{"embeddable":true,"href":"https:\/\/tecnit.umh.es\/en\/wp-json\/wp\/v2\/users\/185"}],"replies":[{"embeddable":true,"href":"https:\/\/tecnit.umh.es\/en\/wp-json\/wp\/v2\/comments?post=1691"}],"version-history":[{"count":0,"href":"https:\/\/tecnit.umh.es\/en\/wp-json\/wp\/v2\/pages\/1691\/revisions"}],"up":[{"embeddable":true,"href":"https:\/\/tecnit.umh.es\/en\/wp-json\/wp\/v2\/pages\/1683"}],"wp:attachment":[{"href":"https:\/\/tecnit.umh.es\/en\/wp-json\/wp\/v2\/media?parent=1691"}],"curies":[{"name":"wp","href":"https:\/\/api.w.org\/{rel}","templated":true}]}}