{"id":1683,"date":"2017-06-01T07:39:14","date_gmt":"2017-06-01T07:39:14","guid":{"rendered":"http:\/\/tecnit.umh.es\/?page_id=1683"},"modified":"2019-11-28T14:30:32","modified_gmt":"2019-11-28T14:30:32","slug":"tesis-doctorales","status":"publish","type":"page","link":"https:\/\/tecnit.umh.es\/en\/tesis-doctorales\/","title":{"rendered":"TESIS DOCTORAL"},"content":{"rendered":"<p>En este apartado se podr\u00e1 encontrar informaci\u00f3n acerca de:<\/p>\n<ul>\n<li>Procedimiento de dep\u00f3sito de una Tesis Doctoral<\/li>\n<li>Lectura de una Tesis Doctoral<\/li>\n<li>Calificaci\u00f3n<\/li>\n<li>Tesis le\u00eddas en el marco del Programa de Doctorado TECNIT<\/li>\n<\/ul>\n<p>\u00a0<\/p>","protected":false},"excerpt":{"rendered":"<p>En este apartado se podr\u00e1 encontrar informaci\u00f3n acerca de: Procedimiento de dep\u00f3sito de una Tesis Doctoral Lectura de una Tesis Doctoral Calificaci\u00f3n Tesis le\u00eddas en el marco del Programa de Doctorado TECNIT \u00a0<\/p>\n","protected":false},"author":185,"featured_media":0,"parent":0,"menu_order":60,"comment_status":"closed","ping_status":"closed","template":"","meta":{"_et_pb_use_builder":"","_et_pb_old_content":"","_et_gb_content_width":"","_links_to":"","_links_to_target":""},"_links":{"self":[{"href":"https:\/\/tecnit.umh.es\/en\/wp-json\/wp\/v2\/pages\/1683"}],"collection":[{"href":"https:\/\/tecnit.umh.es\/en\/wp-json\/wp\/v2\/pages"}],"about":[{"href":"https:\/\/tecnit.umh.es\/en\/wp-json\/wp\/v2\/types\/page"}],"author":[{"embeddable":true,"href":"https:\/\/tecnit.umh.es\/en\/wp-json\/wp\/v2\/users\/185"}],"replies":[{"embeddable":true,"href":"https:\/\/tecnit.umh.es\/en\/wp-json\/wp\/v2\/comments?post=1683"}],"version-history":[{"count":0,"href":"https:\/\/tecnit.umh.es\/en\/wp-json\/wp\/v2\/pages\/1683\/revisions"}],"wp:attachment":[{"href":"https:\/\/tecnit.umh.es\/en\/wp-json\/wp\/v2\/media?parent=1683"}],"curies":[{"name":"wp","href":"https:\/\/api.w.org\/{rel}","templated":true}]}}