{"id":1657,"date":"2017-05-08T14:24:31","date_gmt":"2017-05-08T14:24:31","guid":{"rendered":"http:\/\/tecnit.umh.es\/?page_id=1657"},"modified":"2025-02-25T08:22:55","modified_gmt":"2025-02-25T08:22:55","slug":"comision-academica-del-programa-de-doctorado-capd","status":"publish","type":"page","link":"https:\/\/tecnit.umh.es\/en\/presentacion\/profesorado\/comision-academica-del-programa-de-doctorado-capd\/","title":{"rendered":"Comisi\u00f3n Acad\u00e9mica del Programa de Doctorado CAPD"},"content":{"rendered":"<p>La comisi\u00f3n acad\u00e9mica del programa de doctorado en TECNOLOG\u00cdAS INDUSTRIALES Y DE TELECOMUNICACI\u00d3N se encuentra integrada por:<\/p>\n<ul>\n<li style=\"text-align: left\">Oscar Reinoso Garc\u00eda: <strong>Coordinador Programa Doctorado<\/strong> (L\u00ednea de ELECTR\u00d3NICA Y AUTOM\u00c1TICA) <a href=\"mailto:o.reinoso@umh.es\" target=\"_top\" rel=\"noopener\">(o.reinoso@umh.es)<\/a><\/li>\n<li>Germ\u00e1n Torregrosa Penalva: <strong>Coordinador Adjunto Programa Doctorado<\/strong>\u00a0(L\u00ednea de REDES Y COMUNICACIONES) \u00a0(<a href=\"mailto:gtorregrosa@umh.es\">gtorregrosa@umh.es<\/a>)<\/li>\n<li>Carlos Rodriguez Fernandez-Pousa (L\u00ednea de FOT\u00d3NICA) (<a href=\"mailto:c.pousa@umh.es\">c.pousa@umh.es<\/a>)<\/li>\n<li>Pedro Juan Mart\u00ednez Beltr\u00e1n (L\u00ednea de PROCESAMIENTO ENERG\u00c9TICO) (<a href=\"mailto:pjuan.martinez@umh.es\">pjuan.martinez@umh.es<\/a>)<\/li>\n<li>M\u00aa del Mar S\u00e1nchez L\u00f3pez (L\u00ednea de FOT\u00d3NICA) (<a href=\"mailto:mar.sanchez@umh.es\">mar.sanchez@umh.es<\/a>)<\/li>\n<li>Manuel Jos\u00e9 Perez Malumbres (L\u00ednea de REDES Y COMUNICACIONES)\u00a0(<a href=\"mailto:manuel.perez@umh.es\">manuel.perez@umh.es<\/a>)<\/li>\n<li>Ausias Garrig\u00f3s Sirvent (L\u00ednea de PROCESAMIENTO ENERG\u00c9TICO) (<a href=\"mailto:augarsir@umh.es\">augarsir@umh.es<\/a>)<\/li>\n<\/ul>\n<p>Integrantes previos de CAPD:<\/p>\n<ul>\n<li>Ignacio Moreno Soriano (L\u00ednea de FOT\u00d3NICA) <a href=\"mailto:i.moreno@umh.es\" target=\"_top\" rel=\"noopener\"> (i.moreno@umh.es)<\/a><\/li>\n<li>Susana Fern\u00e1ndez de \u00c1vila L\u00f3pez (L\u00ednea de ELECTR\u00d3NICA Y AUTOM\u00c1TICA) <a href=\"mailto:s.fdezavila@umh.es\" target=\"_top\" rel=\"noopener\"> (s.fdezavila@umh.es)<\/a><\/li>\n<li>Javier Goz\u00e1lvez Sempere (L\u00ednea de REDES Y COMUNICACIONES) <a href=\"mailto:j.gozalvez@umh.es\" target=\"_top\" rel=\"noopener\"> (j.gozalvez@umh.es)<\/a><\/li>\n<li>Pedro Gin\u00e9s Vicente Quiles (L\u00ednea de PROCESAMIENTO ENERG\u00c9TICO) <a href=\"mailto:pedro.vicente@umh.es\" target=\"_top\" rel=\"noopener\"> (pedro.vicente@umh.es)<\/a><\/li>\n<\/ul>\n<p><\/p>","protected":false},"excerpt":{"rendered":"<p>La comisi\u00f3n acad\u00e9mica del programa de doctorado en TECNOLOG\u00cdAS INDUSTRIALES Y DE TELECOMUNICACI\u00d3N se encuentra integrada por: Oscar Reinoso Garc\u00eda: Coordinador Programa Doctorado (L\u00ednea de ELECTR\u00d3NICA Y AUTOM\u00c1TICA) (o.reinoso@umh.es) Germ\u00e1n Torregrosa Penalva: Coordinador Adjunto Programa Doctorado\u00a0(L\u00ednea de REDES Y COMUNICACIONES) \u00a0(gtorregrosa@umh.es) Carlos Rodriguez Fernandez-Pousa (L\u00ednea de FOT\u00d3NICA) (c.pousa@umh.es) Pedro Juan Mart\u00ednez Beltr\u00e1n (L\u00ednea de PROCESAMIENTO [&hellip;]<\/p>\n","protected":false},"author":185,"featured_media":0,"parent":1892,"menu_order":10,"comment_status":"open","ping_status":"open","template":"","meta":{"_et_pb_use_builder":"","_et_pb_old_content":"","_et_gb_content_width":"","_links_to":"","_links_to_target":""},"_links":{"self":[{"href":"https:\/\/tecnit.umh.es\/en\/wp-json\/wp\/v2\/pages\/1657"}],"collection":[{"href":"https:\/\/tecnit.umh.es\/en\/wp-json\/wp\/v2\/pages"}],"about":[{"href":"https:\/\/tecnit.umh.es\/en\/wp-json\/wp\/v2\/types\/page"}],"author":[{"embeddable":true,"href":"https:\/\/tecnit.umh.es\/en\/wp-json\/wp\/v2\/users\/185"}],"replies":[{"embeddable":true,"href":"https:\/\/tecnit.umh.es\/en\/wp-json\/wp\/v2\/comments?post=1657"}],"version-history":[{"count":0,"href":"https:\/\/tecnit.umh.es\/en\/wp-json\/wp\/v2\/pages\/1657\/revisions"}],"up":[{"embeddable":true,"href":"https:\/\/tecnit.umh.es\/en\/wp-json\/wp\/v2\/pages\/1892"}],"wp:attachment":[{"href":"https:\/\/tecnit.umh.es\/en\/wp-json\/wp\/v2\/media?parent=1657"}],"curies":[{"name":"wp","href":"https:\/\/api.w.org\/{rel}","templated":true}]}}