{"id":1625,"date":"2017-04-25T10:33:15","date_gmt":"2017-04-25T10:33:15","guid":{"rendered":"http:\/\/tecnit.umh.es\/?page_id=1625"},"modified":"2025-06-05T11:29:50","modified_gmt":"2025-06-05T11:29:50","slug":"ayudas-doctorandos","status":"publish","type":"page","link":"https:\/\/tecnit.umh.es\/en\/alumnos\/ayudas-doctorandos\/","title":{"rendered":"Ayudas Doctorandos"},"content":{"rendered":"<p><\/p>\n<h1><span style=\"color: #800000\">2022<br \/>\n<\/span><\/h1>\n<hr \/>\n<p>Se realiza la convocatoria de AYUDAS Y BOLSAS DE VIAJE PARA LA DIFUSI\u00d3N DE RESULTADOS DE INVESTIGACI\u00d3N EN EL MARCO DEL PROGRAMA DE DOCTORADO EN TECNOLOG\u00cdAS INDUSTRIALES Y DE TELECOMUNICACI\u00d3N para la anualidad 2022. En los siguientes enlaces se encuentran las bases de la convocatoria, as\u00ed como el formulario de solicitud:<\/p>\n<ul>\n<li><a href=\"https:\/\/tecnit.umh.es\/files\/2022\/05\/RR_01384_2022.pdf\">Resoluci\u00f3n Rectoral 01384\/2022 &#8211; Bases reguladoras<\/a><\/li>\n<li><a href=\"https:\/\/tecnit.umh.es\/files\/2022\/05\/FormularioSolicitudTECNIT2022-Ayudas-Doctorandos.pdf\">Formulario solicitud<\/a><\/li>\n<li><a href=\"https:\/\/tecnit.umh.es\/files\/2022\/06\/2022_4872-PublicacionDOGV-Ayudas.pdf\">Publicaci\u00f3n DOGV (1 Junio 2022)<\/a><\/li>\n<li><a href=\"https:\/\/tecnit.umh.es\/files\/2022\/06\/2022_5106-CorreccionErrores.pdf\">Publicaci\u00f3n DOGV &#8211; Correcci\u00f3n de Errores (2 Junio 2022)<\/a><\/li>\n<li><a href=\"https:\/\/tecnit.umh.es\/files\/2022\/07\/RR_01858_2022.pdf\">Resoluci\u00f3n Rectoral 1858\/2022 y propuesta de concesi\u00f3n<\/a><\/li>\n<\/ul>\n<h1><span style=\"color: #800000\">2021<br \/>\n<\/span><\/h1>\n<hr \/>\n<p>Se realiza la convocatoria de AYUDAS Y BOLSAS DE VIAJE PARA LA DIFUSI\u00d3N DE RESULTADOS DE INVESTIGACI\u00d3N EN EL MARCO DEL PROGRAMA DE DOCTORADO EN TECNOLOG\u00cdAS INDUSTRIALES Y DE TELECOMUNICACI\u00d3N para la anualidad 2021. En los siguientes enlaces se encuentran las bases de la convocatoria, as\u00ed como el formulario de solicitud:<\/p>\n<ul>\n<li><a href=\"https:\/\/boumh.umh.es\/files\/2021\/06\/RR_03336_2021.pdf\" target=\"_blank\" rel=\"noopener\">Resoluci\u00f3n Rectoral\u00a003336\/2021 &#8211; Bases reguladoras<\/a><\/li>\n<li><a href=\"http:\/\/tecnit.umh.es\/files\/2017\/04\/FormularioSolicitudTECNIT2021-2.pdf\" target=\"_blank\" rel=\"noopener\">Formulario solicitud<\/a><\/li>\n<li><a href=\"http:\/\/tecnit.umh.es\/files\/2017\/04\/2021_7104.pdf\">Publicacion DOGV (29 Junio 2021)<\/a><\/li>\n<\/ul>\n<h1><\/h1>\n<h1><span style=\"color: #800000\">2020<br \/>\n<\/span><\/h1>\n<hr \/>\n<p>Se realiza la convocatoria de AYUDAS Y BOLSAS DE VIAJE PARA LA DIFUSI\u00d3N DE RESULTADOS DE INVESTIGACI\u00d3N EN EL MARCO DEL PROGRAMA DE DOCTORADO EN TECNOLOG\u00cdAS INDUSTRIALES Y DE TELECOMUNICACI\u00d3N para la anualidad 2020. En los siguientes enlaces se encuentran las bases de la convocatoria, as\u00ed como el formulario de solicitud:<\/p>\n<ul>\n<li><a href=\"https:\/\/registro.umh.es\/files\/2020\/05\/RE_2020_001_2309.pdf\">Bases reguladoras<\/a><\/li>\n<li><a href=\"http:\/\/tecnit.umh.es\/files\/2017\/04\/FormularioSolicitudTECNIT2020.pdf\" target=\"_blank\" rel=\"noopener\">Formulario de solicitud<\/a><\/li>\n<li><a href=\"http:\/\/www.dogv.gva.es\/datos\/2020\/06\/10\/pdf\/2020_4199.pdf\" target=\"_blank\" rel=\"noopener\">Publicaci\u00f3n DOGV<\/a><\/li>\n<li><a href=\"https:\/\/boumh.umh.es\/files\/2020\/07\/RR_01060_2020.pdf\" target=\"_blank\" rel=\"noopener\">Resoluci\u00f3n Rectoral 1060\/2020 y propuesta de concesi\u00f3n<\/a><\/li>\n<li><a href=\"https:\/\/boumh.umh.es\/files\/2020\/10\/RR_01899_2020.pdf\" target=\"_blank\" rel=\"noopener\">Resoluci\u00f3n Rectoral 1899\/2020<\/a><\/li>\n<li><a href=\"https:\/\/boumh.umh.es\/files\/2020\/12\/RR_02353_2020.pdf\" target=\"_blank\" rel=\"noopener\">Aumento plazo justificaci\u00f3n RR 02353\/2020<\/a><\/li>\n<\/ul>\n<h1><span style=\"color: #800000\">2019<br \/>\n<\/span><\/h1>\n<hr \/>\n<p>Se realiza la convocatoria de AYUDAS Y BOLSAS DE VIAJE PARA LA DIFUSI\u00d3N DE RESULTADOS DE INVESTIGACI\u00d3N EN EL MARCO DEL PROGRAMA DE DOCTORADO EN TECNOLOG\u00cdAS INDUSTRIALES Y DE TELECOMUNICACI\u00d3N para la anualidad 2019. En los siguientes enlaces se encuentran las bases de la convocatoria, as\u00ed como el formulario de solicitud:<\/p>\n<ul>\n<li><a href=\"http:\/\/registro.umh.es\/files\/2019\/05\/RE_2019_001_10759.pdf\" target=\"_blank\" rel=\"noopener\">Bases reguladoras<\/a><\/li>\n<li><a href=\"http:\/\/tecnit.umh.es\/files\/2017\/04\/FormularioSolicitudTECNIT2019.pdf\" target=\"_blank\" rel=\"noopener\">Formulario de solicitud<\/a><\/li>\n<li><a href=\"https:\/\/www.dogv.gva.es\/datos\/2019\/06\/19\/pdf\/2019_6226.pdf\" target=\"_blank\" rel=\"noopener\">Publicaci\u00f3n DOGV<\/a><\/li>\n<li><a href=\"http:\/\/tecnit.umh.es\/files\/2017\/04\/RR-1393_19.pdf\" target=\"_blank\" rel=\"noopener\">Resoluci\u00f3n Rectoral Ampliaci\u00f3n plazo justificaci\u00f3n<\/a><\/li>\n<li><a href=\"http:\/\/tecnit.umh.es\/files\/2017\/04\/RE_2019_001_21051_RESOLUCION-AYUDAS.pdf\" target=\"_blank\" rel=\"noopener\">Resoluci\u00f3n Rectoral Ayudas RE_2019_001_2105<\/a><\/li>\n<\/ul>\n<h1><span style=\"color: #800000\">2018<br \/>\n<\/span><\/h1>\n<hr \/>\n<p>Se realiza la convocatoria de AYUDAS Y BOLSAS DE VIAJE PARA LA DIFUSI\u00d3N DE RESULTADOS DE INVESTIGACI\u00d3N EN EL MARCO DEL PROGRAMA DE DOCTORADO EN TECNOLOG\u00cdAS INDUSTRIALES Y DE TELECOMUNICACI\u00d3N. En los siguientes enlaces se encuentran las bases de la convocatoria, as\u00ed como el formulario de solicitud:<\/p>\n<ul>\n<li><a href=\"http:\/\/registro.umh.es\/files\/2018\/10\/RE_2018_001_19947.pdf\" target=\"_blank\" rel=\"noopener\">Bases reguladoras<\/a><\/li>\n<li><a href=\"http:\/\/tecnit.umh.es\/files\/2017\/04\/FormularioSolicitudTECNIT20181.pdf\" target=\"_blank\" rel=\"noopener\">Formulario de Solicitud 2018<\/a><\/li>\n<li><a href=\"http:\/\/tecnit.umh.es\/files\/2017\/04\/RESOLUCION-AYUDAS-RE_2018_001_23133.pdf\">RESOLUCION AYUDAS RE_2018_001_23133<\/a><\/li>\n<li><a href=\"http:\/\/registro.umh.es\/files\/2019\/01\/RE_2019_001_3906.pdf\" target=\"_blank\" rel=\"noopener\">RESOLUCION DEFINITIVA<\/a><\/li>\n<\/ul>\n<h1><span style=\"color: #800000\">2017<\/span><\/h1>\n<hr \/>\n<p>Ayudas 2017 para la Asistencia a Congresos o Estancias Cient\u00edficas para estudiantes del programa de doctorado <strong><span style=\"color: #0000ff\">TECNIT<\/span><\/strong>. En los siguientes documentos se encuentran las bases de la convocatoria, as\u00ed como el formulario de solicitud<\/p>\n<ul>\n<li><a href=\"http:\/\/tecnit.umh.es\/files\/2017\/04\/AYUDAS-2017-PARA-LA-ASISTENCIA-A-CONGRESOS-O-ESTANCIAS-CIENT\u00cdFICAS-ESTUDIANTES-DE-DOCTORADO.pdf\">AYUDAS 2017 PARA LA ASISTENCIA A CONGRESOS O ESTANCIAS CIENT\u00cdFICAS ESTUDIANTES DE DOCTORADO<\/a><\/li>\n<li><a href=\"http:\/\/tecnit.umh.es\/files\/2017\/04\/FormularioSolicitudTECNIT2017.pdf\" target=\"_blank\" rel=\"noopener\">Formulario de Solicitud 2017<\/a><\/li>\n<li><a href=\"http:\/\/tecnit.umh.es\/files\/2017\/04\/Resolucion-Ayudas-2017-TECNIT.pdf\">Resoluci\u00f3n Ayudas 2017 TECNIT<\/a><\/li>\n<\/ul>\n<p>El periodo de presentar solicitudes finalizar\u00e1 el 8 de Mayo de 2017.<\/p>","protected":false},"excerpt":{"rendered":"<p>2022 Se realiza la convocatoria de AYUDAS Y BOLSAS DE VIAJE PARA LA DIFUSI\u00d3N DE RESULTADOS DE INVESTIGACI\u00d3N EN EL MARCO DEL PROGRAMA DE DOCTORADO EN TECNOLOG\u00cdAS INDUSTRIALES Y DE TELECOMUNICACI\u00d3N para la anualidad 2022. En los siguientes enlaces se encuentran las bases de la convocatoria, as\u00ed como el formulario de solicitud: Resoluci\u00f3n Rectoral 01384\/2022 [&hellip;]<\/p>\n","protected":false},"author":185,"featured_media":0,"parent":1895,"menu_order":10,"comment_status":"closed","ping_status":"closed","template":"","meta":{"_et_pb_use_builder":"","_et_pb_old_content":"","_et_gb_content_width":"","_links_to":"","_links_to_target":""},"_links":{"self":[{"href":"https:\/\/tecnit.umh.es\/en\/wp-json\/wp\/v2\/pages\/1625"}],"collection":[{"href":"https:\/\/tecnit.umh.es\/en\/wp-json\/wp\/v2\/pages"}],"about":[{"href":"https:\/\/tecnit.umh.es\/en\/wp-json\/wp\/v2\/types\/page"}],"author":[{"embeddable":true,"href":"https:\/\/tecnit.umh.es\/en\/wp-json\/wp\/v2\/users\/185"}],"replies":[{"embeddable":true,"href":"https:\/\/tecnit.umh.es\/en\/wp-json\/wp\/v2\/comments?post=1625"}],"version-history":[{"count":0,"href":"https:\/\/tecnit.umh.es\/en\/wp-json\/wp\/v2\/pages\/1625\/revisions"}],"up":[{"embeddable":true,"href":"https:\/\/tecnit.umh.es\/en\/wp-json\/wp\/v2\/pages\/1895"}],"wp:attachment":[{"href":"https:\/\/tecnit.umh.es\/en\/wp-json\/wp\/v2\/media?parent=1625"}],"curies":[{"name":"wp","href":"https:\/\/api.w.org\/{rel}","templated":true}]}}