{"id":16,"date":"2013-02-06T17:55:57","date_gmt":"2013-02-06T17:55:57","guid":{"rendered":"http:\/\/umh0845.edu-desarrollo.umh.es\/?page_id=16"},"modified":"2019-11-28T14:28:05","modified_gmt":"2019-11-28T14:28:05","slug":"presentacion","status":"publish","type":"page","link":"https:\/\/tecnit.umh.es\/en\/presentacion\/","title":{"rendered":"PRESENTACI\u00d3N"},"content":{"rendered":"<p><a href=\"http:\/\/tecnit.umh.es\/files\/2013\/10\/Logo-TECNIT-Small1.jpg\"><img loading=\"lazy\" class=\"alignleft\" src=\"http:\/\/tecnit.umh.es\/files\/2013\/10\/Logo-TECNIT-Small1.jpg\" alt=\"Logo TECNIT - Small\" width=\"122\" height=\"69\" \/><\/a>Bienvenido al\u00a0<strong>Programa de Doctorado en Tecnolog\u00edas Industriales y de Telecomunicaci\u00f3n &#8211; TECNIT.<\/strong><\/p>\n<p>En este enlace encontrar\u00e1s toda la informaci\u00f3n relativa a nuestras actividades.<\/p>\n<p>\u00a0<\/p>\n<p><iframe loading=\"lazy\"  id=\"_ytid_87698\"  width=\"800\" height=\"450\"  data-origwidth=\"800\" data-origheight=\"450\" src=\"https:\/\/www.youtube.com\/embed\/9zP3gakRikw?enablejsapi=1&#038;autoplay=0&#038;cc_load_policy=0&#038;cc_lang_pref=&#038;iv_load_policy=1&#038;loop=0&#038;modestbranding=0&#038;rel=1&#038;fs=1&#038;playsinline=0&#038;autohide=2&#038;theme=dark&#038;color=red&#038;controls=1&#038;\" class=\"__youtube_prefs__  epyt-is-override  no-lazyload\" title=\"YouTube player\"  allow=\"accelerometer; autoplay; clipboard-write; encrypted-media; gyroscope; picture-in-picture\" allowfullscreen data-no-lazy=\"1\" data-skipgform_ajax_framebjll=\"\"><\/iframe><\/p>","protected":false},"excerpt":{"rendered":"<p>Bienvenido al\u00a0Programa de Doctorado en Tecnolog\u00edas Industriales y de Telecomunicaci\u00f3n &#8211; TECNIT. En este enlace encontrar\u00e1s toda la informaci\u00f3n relativa a nuestras actividades. \u00a0<\/p>\n","protected":false},"author":185,"featured_media":0,"parent":0,"menu_order":1,"comment_status":"closed","ping_status":"closed","template":"","meta":{"_et_pb_use_builder":"","_et_pb_old_content":"","_et_gb_content_width":"","_links_to":"","_links_to_target":""},"_links":{"self":[{"href":"https:\/\/tecnit.umh.es\/en\/wp-json\/wp\/v2\/pages\/16"}],"collection":[{"href":"https:\/\/tecnit.umh.es\/en\/wp-json\/wp\/v2\/pages"}],"about":[{"href":"https:\/\/tecnit.umh.es\/en\/wp-json\/wp\/v2\/types\/page"}],"author":[{"embeddable":true,"href":"https:\/\/tecnit.umh.es\/en\/wp-json\/wp\/v2\/users\/185"}],"replies":[{"embeddable":true,"href":"https:\/\/tecnit.umh.es\/en\/wp-json\/wp\/v2\/comments?post=16"}],"version-history":[{"count":0,"href":"https:\/\/tecnit.umh.es\/en\/wp-json\/wp\/v2\/pages\/16\/revisions"}],"wp:attachment":[{"href":"https:\/\/tecnit.umh.es\/en\/wp-json\/wp\/v2\/media?parent=16"}],"curies":[{"name":"wp","href":"https:\/\/api.w.org\/{rel}","templated":true}]}}