{"id":139,"date":"2013-06-06T11:02:55","date_gmt":"2013-06-06T11:02:55","guid":{"rendered":"http:\/\/tecnit.umh.es\/?page_id=139"},"modified":"2024-01-30T11:33:12","modified_gmt":"2024-01-30T11:33:12","slug":"tesis","status":"publish","type":"page","link":"https:\/\/tecnit.umh.es\/en\/tesis-doctorales\/tesis\/","title":{"rendered":"Tesis Programa Doctorado TECNIT"},"content":{"rendered":"<p><\/p>\n<h3>Tesis Doctorales del <strong>Programa de Doctorado TECNIT (<\/strong>Doctorado adaptado al\u00a0<a href=\"http:\/\/www.boe.es\/boe\/dias\/2011\/02\/10\/pdfs\/BOE-A-2011-2541.pdf\" target=\"_blank\" rel=\"noopener\">Real Decreto 99\/2011, de 28 de enero<\/a>)<\/h3>\n<p>01\/02\/2021<br \/>\n<strong>Dr.\u00a0Sergio Cebollada L\u00f3pez<\/strong>. CREATION OF HYBRID HIERARCHICAL MODELS BY USING OMNIDIRECTIONAL VISION AND MACHINE LEARNING TECHNIQUES<a href=\"https:\/\/www.educacion.gob.es\/teseo\/mostrarRef.do?ref=1782462\" target=\"_blank\" rel=\"noopener\">.<\/a><a href=\"http:\/\/dspace.umh.es\/handle\/11000\/1607\" target=\"_blank\" rel=\"noopener\"><br \/>\n<\/a>Directores: Dr.\u00a0Oscar Reinoso Garc\u00eda, Dr. Luis Pay\u00e1 Castell\u00f3<\/p>\n<p>18\/01\/2019<br \/>\n<strong>Dra. Mar\u00eda de la Soledad Rodriguez Ugarte<\/strong>. <a href=\"https:\/\/www.educacion.gob.es\/teseo\/mostrarSeleccion.do#\" target=\"_blank\" rel=\"noopener\">DECODIFICACI\u00d3N Y ESTIMULACI\u00d3N DE LA ACTIVIDAD CEREBRAL SENSORIAL Y MOTORA PARA POTENCIAR EL CONTROL DE UN EXOESQUELETO DE MIEMBRO INFERIOR.<\/a><a href=\"http:\/\/dspace.umh.es\/handle\/11000\/1607\" target=\"_blank\" rel=\"noopener\"><br \/>\n<\/a>Directores: Dr. Jos\u00e9 Mar\u00eda Azor\u00edn Poveda, Dr. Eduardo I\u00e1\u00f1ez Mart\u00ednez<\/p>\n<p>14\/11\/2018<br \/>\n<strong>Dr. Adri\u00e1n Peidr\u00f3 Vidal<\/strong>. <a href=\"https:\/\/www.educacion.gob.es\/teseo\/mostrarRef.do?ref=1725702#\" target=\"_blank\" rel=\"noopener\">KINEMATIC ANALYSIS AND DESIGN OF THE HYRECRO ROBOT: A SERIAL-PARALLEL AND REDUNDANT STRUCTURE-CLIMBING ROBOT.<\/a><a href=\"http:\/\/dspace.umh.es\/handle\/11000\/1607\" target=\"_blank\" rel=\"noopener\"><br \/>\n<\/a>Directores: Dr. Oscar Reinoso Garc\u00eda, Dr. Arturo Gil Aparicio<\/p>\n<p>18\/10\/2018<br \/>\n<strong>Dr. Alvaro Garc\u00eda Mart\u00ednez<\/strong>. <a href=\"https:\/\/www.educacion.gob.es\/teseo\/mostrarRef.do?ref=1719879\" target=\"_blank\" rel=\"noopener\">ESTRATEGIAS DE COLABORACI\u00d3N ENTRE ROBOTS QUIR\u00daRGIJOS Y CIRUJANOS ANTE LA DETECCI\u00d3N Y RESOLUCI\u00d3N DE SITUACIONES DE EMERGENCIA.<\/a><a href=\"http:\/\/dspace.umh.es\/handle\/11000\/1607\" target=\"_blank\" rel=\"noopener\"><br \/>\n<\/a>Directores: Dr. Jos\u00e9 Mar\u00eda Sabater Navarro<\/p>\n<p>12\/07\/2018<br \/>\n<strong>Dra. Irma Nayeli Angulo Sherman<\/strong>. <a href=\"https:\/\/www.educacion.gob.es\/teseo\/mostrarRef.do?ref=1686459\" target=\"_blank\" rel=\"noopener\">DESARROLLO DE NUEVOS ESQUEMAS DE ENTRENAMIENTO Y MODALIDADES DE RETROALIMENTACI\u00d3N PARA FACILITAR LA OPERACI\u00d3N DE INTERFACES CEREBROCOMPUTADORA.<\/a><a href=\"http:\/\/dspace.umh.es\/handle\/11000\/1607\" target=\"_blank\" rel=\"noopener\"><br \/>\n<\/a>Directores: Dr. Jos\u00e9 Mar\u00eda Azor\u00edn Poveda, Dr. David Gutierrez Ruiz<\/p>\n<p>10\/07\/2018<br \/>\n<strong>Dr. Aar\u00f3n Mois\u00e9s Cofr\u00e9 Enr\u00edquez<\/strong>. <a href=\"https:\/\/www.educacion.gob.es\/teseo\/mostrarRef.do?ref=1696779\" target=\"_blank\" rel=\"noopener\">DESARROLLO DE SISTEMAS DIFRACTIVOS AVANZADOS PARA LA GENERACI\u00d3N DE V\u00d3RTICES \u00d3PTICOS Y HACES DE POLARIZACI\u00d3N ESTRUCTURADA.<\/a><a href=\"http:\/\/dspace.umh.es\/handle\/11000\/1607\" target=\"_blank\" rel=\"noopener\"><br \/>\n<\/a>Directores: Dr. Ignacio Moreno Soriano, Dr. Asticio Junior Alejandro Vargas V\u00e1zquez<\/p>\n<p>17\/05\/2018<br \/>\n<strong>Dr. Jos\u00e9 Carlos Mart\u00ednez Castillo<\/strong>. <a href=\"https:\/\/www.educacion.gob.es\/teseo\/mostrarRef.do?ref=1663185\" target=\"_blank\" rel=\"noopener\">ESTUDIO EXPERIMENTAL Y SIMULACI\u00d3N DE SISTEMAS DE CLIMATIZACI\u00d3N SOLAR MEDIANTE CICLOS DE ABSORCI\u00d3N.<\/a><a href=\"http:\/\/dspace.umh.es\/handle\/11000\/1607\" target=\"_blank\" rel=\"noopener\"><br \/>\n<\/a>Directores: Dr. Pedro Juan Mart\u00ednez Beltr\u00e1n<\/p>\n<p>27\/04\/2018<br \/>\n<strong>Dr. Yerai Berenguer Fern\u00e1ndez<\/strong>. <a href=\"https:\/\/www.educacion.gob.es\/teseo\/mostrarRef.do?ref=1649979\" target=\"_blank\" rel=\"noopener\">USO DE DESCRIPTORES HOL\u00cdSTICOS PARA LA LOCALIZACI\u00d3N Y CREACI\u00d3N DE MAPAS: UNA APROXIMACI\u00d3N AL GRAPH-SLAM MEDIANTE APARIENCIA VISUAL.<\/a><a href=\"http:\/\/dspace.umh.es\/handle\/11000\/1607\" target=\"_blank\" rel=\"noopener\"><br \/>\n<\/a>Directores: Dr. Oscar Reinoso Garc\u00eda, Dr. Luis Pay\u00e1 Castell\u00f3<\/p>\n<p>15\/01\/2018<br \/>\n<strong>Dr. David Clar Garc\u00eda<\/strong>. <a href=\"https:\/\/www.educacion.gob.es\/teseo\/mostrarRef.do?ref=1464348\" target=\"_blank\" rel=\"noopener\">METODOLOG\u00cdA DE ENSAYO EN LABORATORIO PARA LA MEDICI\u00d3N DEL RUIDO DE RODADURA DE NEUM\u00c1TICOS.<\/a><a href=\"http:\/\/dspace.umh.es\/handle\/11000\/1607\" target=\"_blank\" rel=\"noopener\"><br \/>\n<\/a>Directores: Dr. Emilio Velasco S\u00e1nchez, Dr. Pedro Gin\u00e9s Vicente Quiles<\/p>\n<p>03\/10\/2016<br \/>\n<strong>Dr. David Valiente Garc\u00eda<\/strong>. <a href=\"https:\/\/www.educacion.gob.es\/teseo\/mostrarRef.do?ref=1300953#\" target=\"_blank\" rel=\"noopener\">VIEW-BASED SLAM IN THE 2-1\/2D SPACE WITH OMNIDIRECTIONAL IMAGES AND FEATURE POINT INFORMATION.<\/a><a href=\"http:\/\/dspace.umh.es\/handle\/11000\/1607\" target=\"_blank\" rel=\"noopener\"><br \/>\n<\/a>Directores: Dr. Oscar Reinoso Garc\u00eda, Dr.\u00a0Arturo Gil Aparicio<\/p>\n<p>18\/07\/2016<br \/>\n<strong>Dr. Alvaro Costa Garc\u00eda<\/strong>. <a href=\"https:\/\/www.educacion.gob.es\/teseo\/mostrarRef.do?ref=1270209\" target=\"_blank\" rel=\"noopener\">NUEVOS PARADIGMAS PARA EL ESTUDIO DE ARTEFACTOS Y MECANISMOS COGNITIVOS RELACIONADOS CON LA MARCHA A PARTIR DE SE\u00d1ALES EEG.<\/a><a href=\"http:\/\/dspace.umh.es\/handle\/11000\/1607\" target=\"_blank\" rel=\"noopener\"><br \/>\n<\/a>Directores: Dr. Jos\u00e9 Mar\u00eda Azor\u00edn Poveda, Dr. Eduardo I\u00e1\u00f1ez Mart\u00ednez<\/p>\n<p>05\/11\/2015<br \/>\n<strong>Dra. Roc\u00edo Salazar Varas<\/strong>. <a href=\"https:\/\/www.educacion.gob.es\/teseo\/mostrarRef.do?ref=1188903\" target=\"_blank\" rel=\"noopener\">DESARROLLO DE NUEVOS\u00a0PARADIGMAS Y ALGORITMOS\u00a0ROBUSTOS PARA INTERFACES CEREBRO-COMPUTADORA\u00a0EN ESCENARIOS REALISTAS.<\/a><a href=\"http:\/\/dspace.umh.es\/handle\/11000\/1607\" target=\"_blank\" rel=\"noopener\"><br \/>\n<\/a>Directores: Dr. David Guti\u00e9rrez Ruiz, Dr. Jos\u00e9 Mar\u00eda Azor\u00edn Poveda<\/p>\n<p>_______________________________________________<\/p>\n<h3><\/h3>\n<p><\/p>","protected":false},"excerpt":{"rendered":"<p>Tesis Doctorales del Programa de Doctorado TECNIT (Doctorado adaptado al\u00a0Real Decreto 99\/2011, de 28 de enero) 01\/02\/2021 Dr.\u00a0Sergio Cebollada L\u00f3pez. CREATION OF HYBRID HIERARCHICAL MODELS BY USING OMNIDIRECTIONAL VISION AND MACHINE LEARNING TECHNIQUES. Directores: Dr.\u00a0Oscar Reinoso Garc\u00eda, Dr. Luis Pay\u00e1 Castell\u00f3 18\/01\/2019 Dra. Mar\u00eda de la Soledad Rodriguez Ugarte. DECODIFICACI\u00d3N Y ESTIMULACI\u00d3N DE LA ACTIVIDAD [&hellip;]<\/p>\n","protected":false},"author":185,"featured_media":0,"parent":1683,"menu_order":10,"comment_status":"closed","ping_status":"closed","template":"","meta":{"_et_pb_use_builder":"","_et_pb_old_content":"","_et_gb_content_width":"","_links_to":"","_links_to_target":""},"_links":{"self":[{"href":"https:\/\/tecnit.umh.es\/en\/wp-json\/wp\/v2\/pages\/139"}],"collection":[{"href":"https:\/\/tecnit.umh.es\/en\/wp-json\/wp\/v2\/pages"}],"about":[{"href":"https:\/\/tecnit.umh.es\/en\/wp-json\/wp\/v2\/types\/page"}],"author":[{"embeddable":true,"href":"https:\/\/tecnit.umh.es\/en\/wp-json\/wp\/v2\/users\/185"}],"replies":[{"embeddable":true,"href":"https:\/\/tecnit.umh.es\/en\/wp-json\/wp\/v2\/comments?post=139"}],"version-history":[{"count":0,"href":"https:\/\/tecnit.umh.es\/en\/wp-json\/wp\/v2\/pages\/139\/revisions"}],"up":[{"embeddable":true,"href":"https:\/\/tecnit.umh.es\/en\/wp-json\/wp\/v2\/pages\/1683"}],"wp:attachment":[{"href":"https:\/\/tecnit.umh.es\/en\/wp-json\/wp\/v2\/media?parent=139"}],"curies":[{"name":"wp","href":"https:\/\/api.w.org\/{rel}","templated":true}]}}