{"id":113,"date":"2013-06-06T10:56:48","date_gmt":"2013-06-06T10:56:48","guid":{"rendered":"http:\/\/tecnit.umh.es\/?page_id=113"},"modified":"2019-11-28T14:29:41","modified_gmt":"2019-11-28T14:29:41","slug":"futuro-doctorand","status":"publish","type":"page","link":"https:\/\/tecnit.umh.es\/en\/futuro-doctorand\/","title":{"rendered":"FUTURO DOCTORANDO"},"content":{"rendered":"<p>Informaci\u00f3n de inter\u00e9s general para el futuro estudiante del <strong>Programa de Doctorado TECNIT<\/strong>, no contenida en la web UMH.<\/p>\n<p>Incluye:<\/p>\n<ul>\n<li><span style=\"line-height: 13px;\">Preguntas frecuentes<\/span><\/li>\n<li>Inscripci\u00f3n y matr\u00edcula<\/li>\n<li>Admisi\u00f3n y documentaci\u00f3n a presentar<\/li>\n<li>Acreditaciones previas de idiomas\/titulaciones<\/li>\n<li>Pr\u00e1cticas profesionales<\/li>\n<li>Reconocimiento de cr\u00e9ditos<\/li>\n<li>Becas<\/li>\n<li>Programas de formaci\u00f3n complementarios<\/li>\n<li>&#8230;<\/li>\n<\/ul>\n<p>\u00a0<\/p>","protected":false},"excerpt":{"rendered":"<p>Informaci\u00f3n de inter\u00e9s general para el futuro estudiante del Programa de Doctorado TECNIT, no contenida en la web UMH. Incluye: Preguntas frecuentes Inscripci\u00f3n y matr\u00edcula Admisi\u00f3n y documentaci\u00f3n a presentar Acreditaciones previas de idiomas\/titulaciones Pr\u00e1cticas profesionales Reconocimiento de cr\u00e9ditos Becas Programas de formaci\u00f3n complementarios &#8230; \u00a0<\/p>\n","protected":false},"author":185,"featured_media":0,"parent":0,"menu_order":30,"comment_status":"closed","ping_status":"closed","template":"","meta":{"_et_pb_use_builder":"","_et_pb_old_content":"","_et_gb_content_width":"","_links_to":"","_links_to_target":""},"_links":{"self":[{"href":"https:\/\/tecnit.umh.es\/en\/wp-json\/wp\/v2\/pages\/113"}],"collection":[{"href":"https:\/\/tecnit.umh.es\/en\/wp-json\/wp\/v2\/pages"}],"about":[{"href":"https:\/\/tecnit.umh.es\/en\/wp-json\/wp\/v2\/types\/page"}],"author":[{"embeddable":true,"href":"https:\/\/tecnit.umh.es\/en\/wp-json\/wp\/v2\/users\/185"}],"replies":[{"embeddable":true,"href":"https:\/\/tecnit.umh.es\/en\/wp-json\/wp\/v2\/comments?post=113"}],"version-history":[{"count":0,"href":"https:\/\/tecnit.umh.es\/en\/wp-json\/wp\/v2\/pages\/113\/revisions"}],"wp:attachment":[{"href":"https:\/\/tecnit.umh.es\/en\/wp-json\/wp\/v2\/media?parent=113"}],"curies":[{"name":"wp","href":"https:\/\/api.w.org\/{rel}","templated":true}]}}